{"id":7,"date":"2025-10-27T13:44:52","date_gmt":"2025-10-27T13:44:52","guid":{"rendered":"https:\/\/cashfive.ch\/?page_id=7"},"modified":"2026-03-09T12:35:38","modified_gmt":"2026-03-09T12:35:38","slug":"home","status":"publish","type":"page","link":"https:\/\/cashfive.ch\/sq\/","title":{"rendered":"Sht\u00ebpi"},"content":{"rendered":"<h1>Bleni, Shisni dhe Riparoni me \u00c7mimin m\u00eb t\u00eb Mir\u00eb n\u00eb Gjenev\u00eb<\/h1><p> Telefona inteligjent\u00eb, kompjuter\u00eb, or\u00eb dore dhe ari, videoloj\u00ebra, artikuj l\u00ebkure. Testuar, garantuar dhe paguar menj\u00ebher\u00eb.<\/p> <a href=\"https:\/\/cashfive.ch\/shop\/\">Vler\u00ebsoni Pajisjen Tuaj Tani<\/a> <a role=\"button\">Sh\u00ebrbim Zviceran<\/a> <a role=\"button\">Garanci 1-Vje\u00e7are<\/a> <a role=\"button\">Dor\u00ebzim i Shpejt\u00eb<\/a><h2> Produkte t\u00eb \u00e7ertifikuara t\u00eb p\u00ebrdorura<\/h2> T\u00eb gjitha artikujt jan\u00eb testuar, kontrolluar dhe gati p\u00ebr pronarin e tyre t\u00eb ardhsh\u00ebm.<h2> Telefon inteligjent<\/h2><h2> Kompjuter<\/h2><h2> Ora dhe Bizhuteri<\/h2><h2> Artikuj l\u00ebkure<\/h2><h2> Loj\u00ebra Video<\/h2><h2> Sh\u00ebrbimet tona<\/h2> Riparim telefoni<p> Z\u00ebvend\u00ebsim, nd\u00ebrrim ekrani<br \/> pastrimi i bateris\u00eb\u2026 <\/p><img width=\"322\" height=\"127\" src=\"https:\/\/cashfive.ch\/wp-content\/uploads\/2026\/02\/image-2-2.svg\" alt=\"\" \/> P\u00ebrgjegj\u00ebsi e Q\u00ebndrueshme<p> Ne i japim nj\u00eb jet\u00eb t\u00eb dyt\u00eb<br \/> \u00e7do produkt. <\/p><img width=\"243\" height=\"135\" src=\"https:\/\/cashfive.ch\/wp-content\/uploads\/2026\/02\/image-1-3.svg\" alt=\"\" \/> Riparim kompjuterash<p> Z\u00ebvend\u00ebsimi i komponent\u00ebve, testimi,<br \/> pastrimi\u2026 <\/p><img width=\"303\" height=\"185\" src=\"https:\/\/cashfive.ch\/wp-content\/uploads\/2026\/02\/image-1-1-1.svg\" alt=\"\" \/><h2> Besimi dhe Vlerat<\/h2><h2> Cil\u00ebsi dhe Besim Zviceran<\/h2> T\u00eb gjitha sh\u00ebrbimet tona t\u00eb riparimit dhe verifikimit kryhen me kujdes dhe sakt\u00ebsi. Qofshin telefona, kompjutera apo aksesor\u00eb t\u00eb vlefsh\u00ebm, ne zbatojm\u00eb standarde t\u00eb larta p\u00ebr t\u00eb garantuar besueshm\u00ebri, siguri dhe k\u00ebnaq\u00ebsi t\u00eb klientit.<h2> Kursime dhe Q\u00ebndrueshm\u00ebri<\/h2> Riparimi dhe mir\u00ebmbajtja e pajisjeve tuaja zgjat jet\u00ebgjat\u00ebsin\u00eb e tyre duke ulur kostot. Nga z\u00ebvend\u00ebsimi i komponent\u00ebve deri te pastrimi i plot\u00eb, zgjidhjet tona ju ndihmojn\u00eb t\u00eb kurseni para duke ndjekur nj\u00eb qasje t\u00eb p\u00ebrgjegjshme dhe t\u00eb q\u00ebndrueshme.<h2> \u00c7mime t\u00eb qarta dhe transparente<\/h2> Ne ofrojm\u00eb sh\u00ebrbime t\u00eb qarta: riparim telefonash dhe kompjuterash, instalim softuer\u00ebsh, transferim t\u00eb dh\u00ebnash, riparim skuter\u00ebsh dhe verifikim produktesh luksoze. Pa tarifa t\u00eb fshehura - \u00e7do sh\u00ebrbim shpjegohet n\u00eb m\u00ebnyr\u00eb transparente.<h2> Sh\u00ebrbim i shpejt\u00eb dhe lokal<\/h2> Ne ofrojm\u00eb sh\u00ebrbim efikas dhe lokal, duke p\u00ebrfshir\u00eb riparime t\u00eb shpejta dhe d\u00ebrges\u00eb p\u00ebr produkte t\u00eb zgjedhura. Keni nevoj\u00eb p\u00ebr m\u00eb shum\u00eb informacion? Ekipi yn\u00eb \u00ebsht\u00eb k\u00ebtu p\u00ebr t&#39;ju ndihmuar. <img width=\"642\" height=\"450\" src=\"https:\/\/cashfive.ch\/wp-content\/uploads\/2026\/02\/image-12.webp\" alt=\"\" srcset=\"https:\/\/cashfive.ch\/wp-content\/uploads\/2026\/02\/image-12.webp 642w, https:\/\/cashfive.ch\/wp-content\/uploads\/2026\/02\/image-12-450x315.webp 450w, https:\/\/cashfive.ch\/wp-content\/uploads\/2026\/02\/image-12-300x210.webp 300w, https:\/\/cashfive.ch\/wp-content\/uploads\/2026\/02\/image-12-18x12.webp 18w\" sizes=\"(max-width: 642px) 100vw, 642px\" \/><h1> Riparoni ose shisni telefonin tuaj inteligjent<\/h1> Merrni nj\u00eb kuot\u00eb t\u00eb shpejt\u00eb, paguani me para n\u00eb dor\u00eb ose me kupon\u00eb <a href=\"https:\/\/cashfive.ch\/contact\/\">. Shisni tani<\/a> <img width=\"800\" height=\"553\" src=\"https:\/\/cashfive.ch\/wp-content\/uploads\/2026\/02\/image-6-1.webp\" alt=\"\" srcset=\"https:\/\/cashfive.ch\/wp-content\/uploads\/2026\/02\/image-6-1.webp 880w, https:\/\/cashfive.ch\/wp-content\/uploads\/2026\/02\/image-6-1-450x311.webp 450w, https:\/\/cashfive.ch\/wp-content\/uploads\/2026\/02\/image-6-1-300x207.webp 300w, https:\/\/cashfive.ch\/wp-content\/uploads\/2026\/02\/image-6-1-768x531.webp 768w, https:\/\/cashfive.ch\/wp-content\/uploads\/2026\/02\/image-6-1-18x12.webp 18w\" sizes=\"(max-width: 800px) 100vw, 800px\" \/><img width=\"673\" height=\"593\" src=\"https:\/\/cashfive.ch\/wp-content\/uploads\/2026\/02\/image-13.webp\" alt=\"\" srcset=\"https:\/\/cashfive.ch\/wp-content\/uploads\/2026\/02\/image-13.webp 673w, https:\/\/cashfive.ch\/wp-content\/uploads\/2026\/02\/image-13-450x397.webp 450w, https:\/\/cashfive.ch\/wp-content\/uploads\/2026\/02\/image-13-300x264.webp 300w, https:\/\/cashfive.ch\/wp-content\/uploads\/2026\/02\/image-13-14x12.webp 14w\" sizes=\"(max-width: 673px) 100vw, 673px\" \/><h2> Pyetje t\u00eb Shpeshta <\/h2><details id=\"e-n-accordion-item-7190\" open><summary data-accordion-index=\"1\" tabindex=\"0\" aria-expanded=\"true\" aria-controls=\"e-n-accordion-item-7190\" > \u00c7far\u00eb informacioni personal mbledh Cashfive?<\/summary><p> Cashfive mbledh informacionin q\u00eb ju jepni kur blini ose shisni artikuj - emrin, adres\u00ebn, email-in dhe adres\u00ebn IP - me q\u00ebllim p\u00ebrpunimin e transaksioneve dhe p\u00ebrmir\u00ebsimin e sh\u00ebrbimit. T\u00eb dh\u00ebnat mblidhen gjithashtu automatikisht kur shfletoni faqen ( <a href=\"https:\/\/cashfive.ch\/privacy-policy\/\">Politika e Privat\u00ebsis\u00eb<\/a> ). <\/p><\/details><details id=\"e-n-accordion-item-7191\" ><summary data-accordion-index=\"2\" tabindex=\"-1\" aria-expanded=\"false\" aria-controls=\"e-n-accordion-item-7191\" > Si p\u00ebrdoren t\u00eb dh\u00ebnat e mia personale?<\/summary> Informacioni p\u00ebrdoret p\u00ebr t\u00eb finalizuar transaksionet, p\u00ebr t\u00eb ofruar mb\u00ebshtetje p\u00ebr klient\u00ebt, p\u00ebr t\u00eb komunikuar p\u00ebrdit\u00ebsime dhe p\u00ebr t\u00eb p\u00ebrmbushur detyrimet ligjore. Me p\u00eblqimin tuaj, Cashfive mund t\u00eb d\u00ebrgoj\u00eb komunikime marketingu. (Politika e Privat\u00ebsis\u00eb) <\/details><details id=\"e-n-accordion-item-7192\" ><summary data-accordion-index=\"3\" tabindex=\"-1\" aria-expanded=\"false\" aria-controls=\"e-n-accordion-item-7192\" > A mund t&#39;i modifikoj ose fshij t\u00eb dh\u00ebnat e mia?<\/summary><p> Po. Ju mund t\u00eb k\u00ebrkoni qasje, korrigjim ose fshirje t\u00eb t\u00eb dh\u00ebnave tuaja duke kontaktuar sh\u00ebrbimin ndaj klientit t\u00eb Cashfive. T\u00ebrheqja e p\u00eblqimit tuaj nuk ndikon n\u00eb ligjshm\u00ebrin\u00eb e ndonj\u00eb p\u00ebrpunimi t\u00eb kryer tashm\u00eb. ( <a href=\"https:\/\/cashfive.ch\/privacy-policy\/\">Politika e Privat\u00ebsis\u00eb<\/a> ) <\/p><\/details><details id=\"e-n-accordion-item-7193\" ><summary data-accordion-index=\"4\" tabindex=\"-1\" aria-expanded=\"false\" aria-controls=\"e-n-accordion-item-7193\" > Cila \u00ebsht\u00eb politika e rimbursimit?<\/summary> Rimbursimet dhe kthimet p\u00ebrpunohen sipas Politik\u00ebs s\u00eb Rimbursimit. N\u00ebse nj\u00eb artikull \u00ebsht\u00eb i pranuesh\u00ebm p\u00ebr rimbursim, procedura dhe kushtet duhet t\u00eb ndiqen si\u00e7 p\u00ebrcaktohen n\u00eb k\u00ebt\u00eb politik\u00eb. <\/details><details id=\"e-n-accordion-item-7194\" ><summary data-accordion-index=\"5\" tabindex=\"-1\" aria-expanded=\"false\" aria-controls=\"e-n-accordion-item-7194\" > Cilat jan\u00eb t\u00eb drejtat e mia n\u00eb lidhje me t\u00eb dh\u00ebnat e mia?<\/summary><p> Ju keni t\u00eb drejt\u00eb t\u00eb hyni, p\u00ebrdit\u00ebsoni, korrigjoni, fshini ose kund\u00ebrshtoni p\u00ebrpunimin e t\u00eb dh\u00ebnave tuaja. Gjithashtu, mund t\u00eb paraqisni nj\u00eb ankes\u00eb pran\u00eb autoritetit t\u00eb mbrojtjes s\u00eb t\u00eb dh\u00ebnave n\u00ebse \u00ebsht\u00eb e nevojshme. ( <a href=\"https:\/\/cashfive.ch\/privacy-policy\/\">Politika e Privat\u00ebsis\u00eb<\/a> )<\/p><\/details><p> Cashfive mbledh informacionin q\u00eb ju jepni kur blini ose shisni artikuj - emrin, adres\u00ebn, email-in dhe adres\u00ebn IP - me q\u00ebllim p\u00ebrpunimin e transaksioneve dhe p\u00ebrmir\u00ebsimin e sh\u00ebrbimit. T\u00eb dh\u00ebnat mblidhen gjithashtu automatikisht kur shfletoni faqen ( <a href=\"https:\/\/cashfive.ch\/privacy-policy\/\">Politika e Privat\u00ebsis\u00eb<\/a> ).<\/p> Informacioni p\u00ebrdoret p\u00ebr t\u00eb finalizuar transaksionet, p\u00ebr t\u00eb ofruar mb\u00ebshtetje p\u00ebr klient\u00ebt, p\u00ebr t\u00eb komunikuar p\u00ebrdit\u00ebsime dhe p\u00ebr t\u00eb p\u00ebrmbushur detyrimet ligjore. Me p\u00eblqimin tuaj, Cashfive mund t\u00eb d\u00ebrgoj\u00eb komunikime marketingu. (Politika e Privat\u00ebsis\u00eb)<p> Po. Ju mund t\u00eb k\u00ebrkoni qasje, korrigjim ose fshirje t\u00eb t\u00eb dh\u00ebnave tuaja duke kontaktuar sh\u00ebrbimin ndaj klientit t\u00eb Cashfive. T\u00ebrheqja e p\u00eblqimit tuaj nuk ndikon n\u00eb ligjshm\u00ebrin\u00eb e ndonj\u00eb p\u00ebrpunimi t\u00eb kryer tashm\u00eb. ( <a href=\"https:\/\/cashfive.ch\/privacy-policy\/\">Politika e Privat\u00ebsis\u00eb<\/a> )<\/p> Rimbursimet dhe kthimet p\u00ebrpunohen sipas Politik\u00ebs s\u00eb Rimbursimit. N\u00ebse nj\u00eb artikull \u00ebsht\u00eb i pranuesh\u00ebm p\u00ebr rimbursim, procedura dhe kushtet duhet t\u00eb ndiqen si\u00e7 p\u00ebrcaktohen n\u00eb k\u00ebt\u00eb politik\u00eb.<p> Ju keni t\u00eb drejt\u00eb t\u00eb hyni, p\u00ebrdit\u00ebsoni, korrigjoni, fshini ose kund\u00ebrshtoni p\u00ebrpunimin e t\u00eb dh\u00ebnave tuaja. Gjithashtu, mund t\u00eb paraqisni nj\u00eb ankes\u00eb pran\u00eb autoritetit t\u00eb mbrojtjes s\u00eb t\u00eb dh\u00ebnave n\u00ebse \u00ebsht\u00eb e nevojshme. ( <a href=\"https:\/\/cashfive.ch\/privacy-policy\/\">Politika e Privat\u00ebsis\u00eb<\/a> )<\/p><h2> Ata na besojn\u00eb <\/h2><img width=\"800\" height=\"800\" src=\"https:\/\/cashfive.ch\/wp-content\/uploads\/2026\/02\/Group-4.webp\" alt=\"\" srcset=\"https:\/\/cashfive.ch\/wp-content\/uploads\/2026\/02\/Group-4.webp 900w, https:\/\/cashfive.ch\/wp-content\/uploads\/2026\/02\/Group-4-600x600.webp 600w, https:\/\/cashfive.ch\/wp-content\/uploads\/2026\/02\/Group-4-100x100.webp 100w, https:\/\/cashfive.ch\/wp-content\/uploads\/2026\/02\/Group-4-450x450.webp 450w, https:\/\/cashfive.ch\/wp-content\/uploads\/2026\/02\/Group-4-300x300.webp 300w, https:\/\/cashfive.ch\/wp-content\/uploads\/2026\/02\/Group-4-150x150.webp 150w, https:\/\/cashfive.ch\/wp-content\/uploads\/2026\/02\/Group-4-768x768.webp 768w, https:\/\/cashfive.ch\/wp-content\/uploads\/2026\/02\/Group-4-12x12.webp 12w\" sizes=\"(max-width: 800px) 100vw, 800px\" \/><img width=\"800\" height=\"800\" src=\"https:\/\/cashfive.ch\/wp-content\/uploads\/2026\/02\/WhatsApp-Image-2026-02-10-at-21.39.04-1.webp\" alt=\"\" srcset=\"https:\/\/cashfive.ch\/wp-content\/uploads\/2026\/02\/WhatsApp-Image-2026-02-10-at-21.39.04-1.webp 900w, https:\/\/cashfive.ch\/wp-content\/uploads\/2026\/02\/WhatsApp-Image-2026-02-10-at-21.39.04-1-600x600.webp 600w, https:\/\/cashfive.ch\/wp-content\/uploads\/2026\/02\/WhatsApp-Image-2026-02-10-at-21.39.04-1-100x100.webp 100w, https:\/\/cashfive.ch\/wp-content\/uploads\/2026\/02\/WhatsApp-Image-2026-02-10-at-21.39.04-1-450x450.webp 450w, https:\/\/cashfive.ch\/wp-content\/uploads\/2026\/02\/WhatsApp-Image-2026-02-10-at-21.39.04-1-300x300.webp 300w, https:\/\/cashfive.ch\/wp-content\/uploads\/2026\/02\/WhatsApp-Image-2026-02-10-at-21.39.04-1-150x150.webp 150w, https:\/\/cashfive.ch\/wp-content\/uploads\/2026\/02\/WhatsApp-Image-2026-02-10-at-21.39.04-1-768x768.webp 768w, https:\/\/cashfive.ch\/wp-content\/uploads\/2026\/02\/WhatsApp-Image-2026-02-10-at-21.39.04-1-12x12.webp 12w\" sizes=\"(max-width: 800px) 100vw, 800px\" \/><img width=\"800\" height=\"800\" src=\"https:\/\/cashfive.ch\/wp-content\/uploads\/2026\/02\/WhatsApp-Image-2026-02-10-at-21.39.39-1.webp\" alt=\"\" srcset=\"https:\/\/cashfive.ch\/wp-content\/uploads\/2026\/02\/WhatsApp-Image-2026-02-10-at-21.39.39-1.webp 900w, https:\/\/cashfive.ch\/wp-content\/uploads\/2026\/02\/WhatsApp-Image-2026-02-10-at-21.39.39-1-600x600.webp 600w, https:\/\/cashfive.ch\/wp-content\/uploads\/2026\/02\/WhatsApp-Image-2026-02-10-at-21.39.39-1-100x100.webp 100w, https:\/\/cashfive.ch\/wp-content\/uploads\/2026\/02\/WhatsApp-Image-2026-02-10-at-21.39.39-1-450x450.webp 450w, https:\/\/cashfive.ch\/wp-content\/uploads\/2026\/02\/WhatsApp-Image-2026-02-10-at-21.39.39-1-300x300.webp 300w, https:\/\/cashfive.ch\/wp-content\/uploads\/2026\/02\/WhatsApp-Image-2026-02-10-at-21.39.39-1-150x150.webp 150w, https:\/\/cashfive.ch\/wp-content\/uploads\/2026\/02\/WhatsApp-Image-2026-02-10-at-21.39.39-1-768x768.webp 768w, https:\/\/cashfive.ch\/wp-content\/uploads\/2026\/02\/WhatsApp-Image-2026-02-10-at-21.39.39-1-12x12.webp 12w\" sizes=\"(max-width: 800px) 100vw, 800px\" \/><img width=\"800\" height=\"800\" src=\"https:\/\/cashfive.ch\/wp-content\/uploads\/2026\/02\/WhatsApp-Image-2026-02-10-at-21.39.19-1.webp\" alt=\"\" srcset=\"https:\/\/cashfive.ch\/wp-content\/uploads\/2026\/02\/WhatsApp-Image-2026-02-10-at-21.39.19-1.webp 900w, https:\/\/cashfive.ch\/wp-content\/uploads\/2026\/02\/WhatsApp-Image-2026-02-10-at-21.39.19-1-600x600.webp 600w, https:\/\/cashfive.ch\/wp-content\/uploads\/2026\/02\/WhatsApp-Image-2026-02-10-at-21.39.19-1-100x100.webp 100w, https:\/\/cashfive.ch\/wp-content\/uploads\/2026\/02\/WhatsApp-Image-2026-02-10-at-21.39.19-1-450x450.webp 450w, https:\/\/cashfive.ch\/wp-content\/uploads\/2026\/02\/WhatsApp-Image-2026-02-10-at-21.39.19-1-300x300.webp 300w, https:\/\/cashfive.ch\/wp-content\/uploads\/2026\/02\/WhatsApp-Image-2026-02-10-at-21.39.19-1-150x150.webp 150w, https:\/\/cashfive.ch\/wp-content\/uploads\/2026\/02\/WhatsApp-Image-2026-02-10-at-21.39.19-1-768x768.webp 768w, https:\/\/cashfive.ch\/wp-content\/uploads\/2026\/02\/WhatsApp-Image-2026-02-10-at-21.39.19-1-12x12.webp 12w\" sizes=\"(max-width: 800px) 100vw, 800px\" \/> <a href=\"https:\/\/cashfive.ch\/contact\/\">Merrni nj\u00eb ofert\u00eb tani<\/a> [grw id=21401]","protected":false},"excerpt":{"rendered":"<p>Bleni, Shisni dhe Riparoni me \u00c7mimin m\u00eb t\u00eb Mir\u00eb n\u00eb Gjenev\u00eb Telefona inteligjent\u00eb, kompjuter\u00eb, or\u00eb dore dhe ari, videoloj\u00ebra, artikuj l\u00ebkure. Testuar, garantuar dhe paguar menj\u00ebher\u00eb. Vler\u00ebsoni Pajisjen Tuaj Tani Sh\u00ebrbim Zviceran Garanci 1-Vje\u00e7are Dor\u00ebzim i Shpejt\u00eb Produkte t\u00eb \u00e7ertifikuara t\u00eb p\u00ebrdorura T\u00eb gjitha artikujt jan\u00eb testuar, kontrolluar dhe gati p\u00ebr pronarin e tyre t\u00eb [&hellip;]<\/p>\n","protected":false},"author":2,"featured_media":0,"parent":0,"menu_order":0,"comment_status":"closed","ping_status":"closed","template":"","meta":{"footnotes":""},"class_list":["post-7","page","type-page","status-publish","hentry"],"yoast_head":"<!-- This site is optimized with the Yoast SEO plugin v27.3 - https:\/\/yoast.com\/product\/yoast-seo-wordpress\/ -->\n<title>Home - Cashfive<\/title>\n<meta name=\"description\" content=\"Achetez, vendez et r\u00e9parez \u00e0 Gen\u00e8ve au meilleur prix. Smartphones, ordinateurs, montres &amp; or, jeux vid\u00e9os, maroquinerie. Test\u00e9s et pay\u00e9s.\" \/>\n<meta name=\"robots\" content=\"index, follow, max-snippet:-1, max-image-preview:large, max-video-preview:-1\" \/>\n<link rel=\"canonical\" href=\"https:\/\/cashfive.ch\/\" \/>\n<meta property=\"og:locale\" content=\"fr_FR\" \/>\n<meta property=\"og:type\" content=\"article\" \/>\n<meta property=\"og:title\" content=\"Home - Cashfive\" \/>\n<meta property=\"og:description\" content=\"Achetez, vendez et r\u00e9parez \u00e0 Gen\u00e8ve au meilleur prix. Smartphones, ordinateurs, montres &amp; or, jeux vid\u00e9os, maroquinerie. Test\u00e9s et pay\u00e9s.\" \/>\n<meta property=\"og:url\" content=\"https:\/\/cashfive.ch\/\" \/>\n<meta property=\"og:site_name\" content=\"Cashfive\" \/>\n<meta property=\"article:publisher\" content=\"https:\/\/www.facebook.com\/profile.php?id=100072507924519\" \/>\n<meta property=\"article:modified_time\" content=\"2026-03-09T12:35:38+00:00\" \/>\n<meta property=\"og:image\" content=\"https:\/\/cashfive.ch\/wp-content\/uploads\/2026\/02\/image-2-2.svg\" \/>\n<meta name=\"twitter:card\" content=\"summary_large_image\" \/>\n<meta name=\"twitter:label1\" content=\"Dur\u00e9e de lecture estim\u00e9e\" \/>\n\t<meta name=\"twitter:data1\" content=\"5 minutes\" \/>\n<script type=\"application\/ld+json\" class=\"yoast-schema-graph\">{\"@context\":\"https:\\\/\\\/schema.org\",\"@graph\":[{\"@type\":\"WebPage\",\"@id\":\"https:\\\/\\\/cashfive.ch\\\/\",\"url\":\"https:\\\/\\\/cashfive.ch\\\/\",\"name\":\"Home - Cashfive\",\"isPartOf\":{\"@id\":\"https:\\\/\\\/cashfive.ch\\\/en\\\/#website\"},\"primaryImageOfPage\":{\"@id\":\"https:\\\/\\\/cashfive.ch\\\/#primaryimage\"},\"image\":{\"@id\":\"https:\\\/\\\/cashfive.ch\\\/#primaryimage\"},\"thumbnailUrl\":\"https:\\\/\\\/cashfive.ch\\\/wp-content\\\/uploads\\\/2026\\\/02\\\/image-2-2.svg\",\"datePublished\":\"2025-10-27T13:44:52+00:00\",\"dateModified\":\"2026-03-09T12:35:38+00:00\",\"description\":\"Achetez, vendez et r\u00e9parez \u00e0 Gen\u00e8ve au meilleur prix. Smartphones, ordinateurs, montres & or, jeux vid\u00e9os, maroquinerie. Test\u00e9s et pay\u00e9s.\",\"breadcrumb\":{\"@id\":\"https:\\\/\\\/cashfive.ch\\\/#breadcrumb\"},\"inLanguage\":\"fr-FR\",\"potentialAction\":[{\"@type\":\"ReadAction\",\"target\":[\"https:\\\/\\\/cashfive.ch\\\/\"]}]},{\"@type\":\"ImageObject\",\"inLanguage\":\"fr-FR\",\"@id\":\"https:\\\/\\\/cashfive.ch\\\/#primaryimage\",\"url\":\"https:\\\/\\\/cashfive.ch\\\/wp-content\\\/uploads\\\/2026\\\/02\\\/image-2-2.svg\",\"contentUrl\":\"https:\\\/\\\/cashfive.ch\\\/wp-content\\\/uploads\\\/2026\\\/02\\\/image-2-2.svg\",\"width\":322,\"height\":127},{\"@type\":\"BreadcrumbList\",\"@id\":\"https:\\\/\\\/cashfive.ch\\\/#breadcrumb\",\"itemListElement\":[{\"@type\":\"ListItem\",\"position\":1,\"name\":\"Home\",\"item\":\"https:\\\/\\\/cashfive.ch\\\/\"},{\"@type\":\"ListItem\",\"position\":2,\"name\":\"Home\"}]},{\"@type\":\"WebSite\",\"@id\":\"https:\\\/\\\/cashfive.ch\\\/#website\",\"url\":\"https:\\\/\\\/cashfive.ch\\\/\",\"name\":\"CashFive\",\"description\":\"\",\"publisher\":{\"@id\":\"https:\\\/\\\/cashfive.ch\\\/en\\\/#organization\"},\"potentialAction\":[{\"@type\":\"SearchAction\",\"target\":{\"@type\":\"EntryPoint\",\"urlTemplate\":\"https:\\\/\\\/cashfive.ch\\\/?s={search_term_string}\"},\"query-input\":{\"@type\":\"PropertyValueSpecification\",\"valueRequired\":true,\"valueName\":\"search_term_string\"}}],\"inLanguage\":\"fr-FR\"},{\"@type\":\"Organization\",\"@id\":\"https:\\\/\\\/cashfive.ch\\\/#organization\",\"name\":\"CashFive\",\"url\":\"https:\\\/\\\/cashfive.ch\\\/\",\"logo\":{\"@type\":\"ImageObject\",\"inLanguage\":\"fr-FR\",\"@id\":\"https:\\\/\\\/cashfive.ch\\\/en\\\/#\\\/schema\\\/logo\\\/image\\\/\",\"url\":\"https:\\\/\\\/cashfive.ch\\\/wp-content\\\/uploads\\\/2025\\\/11\\\/cropped-b387cbc7100387a3592e966c2446eb597f7d93de.png\",\"contentUrl\":\"https:\\\/\\\/cashfive.ch\\\/wp-content\\\/uploads\\\/2025\\\/11\\\/cropped-b387cbc7100387a3592e966c2446eb597f7d93de.png\",\"width\":99,\"height\":79,\"caption\":\"CashFive\"},\"image\":{\"@id\":\"https:\\\/\\\/cashfive.ch\\\/en\\\/#\\\/schema\\\/logo\\\/image\\\/\"},\"sameAs\":[\"https:\\\/\\\/www.facebook.com\\\/profile.php?id=100072507924519\",\"https:\\\/\\\/www.instagram.com\\\/cash5ive\\\/\"]}]}<\/script>\n<!-- \/ Yoast SEO plugin. -->","yoast_head_json":{"title":"Home - Cashfive","description":"Achetez, vendez et r\u00e9parez \u00e0 Gen\u00e8ve au meilleur prix. Smartphones, ordinateurs, montres & or, jeux vid\u00e9os, maroquinerie. Test\u00e9s et pay\u00e9s.","robots":{"index":"index","follow":"follow","max-snippet":"max-snippet:-1","max-image-preview":"max-image-preview:large","max-video-preview":"max-video-preview:-1"},"canonical":"https:\/\/cashfive.ch\/","og_locale":"fr_FR","og_type":"article","og_title":"Home - Cashfive","og_description":"Achetez, vendez et r\u00e9parez \u00e0 Gen\u00e8ve au meilleur prix. Smartphones, ordinateurs, montres & or, jeux vid\u00e9os, maroquinerie. Test\u00e9s et pay\u00e9s.","og_url":"https:\/\/cashfive.ch\/","og_site_name":"Cashfive","article_publisher":"https:\/\/www.facebook.com\/profile.php?id=100072507924519","article_modified_time":"2026-03-09T12:35:38+00:00","og_image":[{"url":"https:\/\/cashfive.ch\/wp-content\/uploads\/2026\/02\/image-2-2.svg","type":"","width":"","height":""}],"twitter_card":"summary_large_image","twitter_misc":{"Dur\u00e9e de lecture estim\u00e9e":"5 minutes"},"schema":{"@context":"https:\/\/schema.org","@graph":[{"@type":"WebPage","@id":"https:\/\/cashfive.ch\/","url":"https:\/\/cashfive.ch\/","name":"Home - Cashfive","isPartOf":{"@id":"https:\/\/cashfive.ch\/en\/#website"},"primaryImageOfPage":{"@id":"https:\/\/cashfive.ch\/#primaryimage"},"image":{"@id":"https:\/\/cashfive.ch\/#primaryimage"},"thumbnailUrl":"https:\/\/cashfive.ch\/wp-content\/uploads\/2026\/02\/image-2-2.svg","datePublished":"2025-10-27T13:44:52+00:00","dateModified":"2026-03-09T12:35:38+00:00","description":"Achetez, vendez et r\u00e9parez \u00e0 Gen\u00e8ve au meilleur prix. Smartphones, ordinateurs, montres & or, jeux vid\u00e9os, maroquinerie. Test\u00e9s et pay\u00e9s.","breadcrumb":{"@id":"https:\/\/cashfive.ch\/#breadcrumb"},"inLanguage":"fr-FR","potentialAction":[{"@type":"ReadAction","target":["https:\/\/cashfive.ch\/"]}]},{"@type":"ImageObject","inLanguage":"fr-FR","@id":"https:\/\/cashfive.ch\/#primaryimage","url":"https:\/\/cashfive.ch\/wp-content\/uploads\/2026\/02\/image-2-2.svg","contentUrl":"https:\/\/cashfive.ch\/wp-content\/uploads\/2026\/02\/image-2-2.svg","width":322,"height":127},{"@type":"BreadcrumbList","@id":"https:\/\/cashfive.ch\/#breadcrumb","itemListElement":[{"@type":"ListItem","position":1,"name":"Home","item":"https:\/\/cashfive.ch\/"},{"@type":"ListItem","position":2,"name":"Home"}]},{"@type":"WebSite","@id":"https:\/\/cashfive.ch\/#website","url":"https:\/\/cashfive.ch\/","name":"CashFive","description":"","publisher":{"@id":"https:\/\/cashfive.ch\/en\/#organization"},"potentialAction":[{"@type":"SearchAction","target":{"@type":"EntryPoint","urlTemplate":"https:\/\/cashfive.ch\/?s={search_term_string}"},"query-input":{"@type":"PropertyValueSpecification","valueRequired":true,"valueName":"search_term_string"}}],"inLanguage":"fr-FR"},{"@type":"Organization","@id":"https:\/\/cashfive.ch\/#organization","name":"CashFive","url":"https:\/\/cashfive.ch\/","logo":{"@type":"ImageObject","inLanguage":"fr-FR","@id":"https:\/\/cashfive.ch\/en\/#\/schema\/logo\/image\/","url":"https:\/\/cashfive.ch\/wp-content\/uploads\/2025\/11\/cropped-b387cbc7100387a3592e966c2446eb597f7d93de.png","contentUrl":"https:\/\/cashfive.ch\/wp-content\/uploads\/2025\/11\/cropped-b387cbc7100387a3592e966c2446eb597f7d93de.png","width":99,"height":79,"caption":"CashFive"},"image":{"@id":"https:\/\/cashfive.ch\/en\/#\/schema\/logo\/image\/"},"sameAs":["https:\/\/www.facebook.com\/profile.php?id=100072507924519","https:\/\/www.instagram.com\/cash5ive\/"]}]}},"_links":{"self":[{"href":"https:\/\/cashfive.ch\/wp-json\/wp\/v2\/pages\/7","targetHints":{"allow":["GET"]}}],"collection":[{"href":"https:\/\/cashfive.ch\/wp-json\/wp\/v2\/pages"}],"about":[{"href":"https:\/\/cashfive.ch\/wp-json\/wp\/v2\/types\/page"}],"author":[{"embeddable":true,"href":"https:\/\/cashfive.ch\/wp-json\/wp\/v2\/users\/2"}],"replies":[{"embeddable":true,"href":"https:\/\/cashfive.ch\/wp-json\/wp\/v2\/comments?post=7"}],"version-history":[{"count":0,"href":"https:\/\/cashfive.ch\/wp-json\/wp\/v2\/pages\/7\/revisions"}],"wp:attachment":[{"href":"https:\/\/cashfive.ch\/wp-json\/wp\/v2\/media?parent=7"}],"curies":[{"name":"wp","href":"https:\/\/api.w.org\/{rel}","templated":true}]}}