{"id":7,"date":"2025-10-27T13:44:52","date_gmt":"2025-10-27T13:44:52","guid":{"rendered":"https:\/\/cashfive.ch\/?page_id=7"},"modified":"2026-03-09T12:35:38","modified_gmt":"2026-03-09T12:35:38","slug":"home","status":"publish","type":"page","link":"https:\/\/cashfive.ch\/en\/","title":{"rendered":"Home"},"content":{"rendered":"<h1>Buy, Sell &amp; Repair at the Best Price in Geneva<\/h1><p> Smartphones, Computers, Watches &amp; Gold, Video Games, Leather Goods. Tested, guaranteed and paid for immediately.<\/p> <a href=\"https:\/\/cashfive.ch\/shop\/\">Estimate Your Device Now<\/a> <a role=\"button\">Swiss Service<\/a> <a role=\"button\">1-Year Warranty<\/a> <a role=\"button\">Fast Delivery<\/a><h2> Certified pre-owned products<\/h2> All items are tested, checked and ready for their next owner.<h2> Smartphone<\/h2><h2> Computer<\/h2><h2> Watches &amp; Jewelry<\/h2><h2> Leather goods<\/h2><h2> Video Games<\/h2><h2> Our Services<\/h2> Phone repair<p> Screen replacement, change<br \/> battery cleaning\u2026 <\/p><img width=\"322\" height=\"127\" src=\"https:\/\/cashfive.ch\/wp-content\/uploads\/2026\/02\/image-2-2.svg\" alt=\"\" \/> Sustainable Responsibility<p> We give a second life to<br \/> each product. <\/p><img width=\"243\" height=\"135\" src=\"https:\/\/cashfive.ch\/wp-content\/uploads\/2026\/02\/image-1-3.svg\" alt=\"\" \/> Computer repair<p> Component replacement, testing,<br \/> cleaning\u2026 <\/p><img width=\"303\" height=\"185\" src=\"https:\/\/cashfive.ch\/wp-content\/uploads\/2026\/02\/image-1-1-1.svg\" alt=\"\" \/><h2> Trust &amp; Values<\/h2><h2> Swiss Quality &amp; Trust<\/h2> All our repair and verification services are carried out with care and precision. Whether it&#39;s phones, computers, or valuable accessories, we apply high standards to guarantee reliability, safety, and customer satisfaction.<h2> Savings &amp; Sustainability<\/h2> Repairing and maintaining your appliances extends their lifespan while reducing costs. From component replacement to complete cleaning, our solutions help you save money while adopting a responsible and sustainable approach.<h2> Clear &amp; Transparent Pricing<\/h2> We offer clear services: phone and computer repair, software installation, data transfer, scooter repair, and luxury product verification. No hidden fees\u2014every service is explained transparently.<h2> Fast &amp; Local Service<\/h2> We provide efficient and local service, including fast repairs and delivery on select products. Need more information? Our team is here to help. <img width=\"642\" height=\"450\" src=\"https:\/\/cashfive.ch\/wp-content\/uploads\/2026\/02\/image-12.webp\" alt=\"\" srcset=\"https:\/\/cashfive.ch\/wp-content\/uploads\/2026\/02\/image-12.webp 642w, https:\/\/cashfive.ch\/wp-content\/uploads\/2026\/02\/image-12-450x315.webp 450w, https:\/\/cashfive.ch\/wp-content\/uploads\/2026\/02\/image-12-300x210.webp 300w, https:\/\/cashfive.ch\/wp-content\/uploads\/2026\/02\/image-12-18x12.webp 18w\" sizes=\"(max-width: 642px) 100vw, 642px\" \/><h1> Repair or sell your smartphone<\/h1> Get a quick quote, pay in cash or vouchers <a href=\"https:\/\/cashfive.ch\/contact\/\">. Sell now<\/a> <img width=\"800\" height=\"553\" src=\"https:\/\/cashfive.ch\/wp-content\/uploads\/2026\/02\/image-6-1.webp\" alt=\"\" srcset=\"https:\/\/cashfive.ch\/wp-content\/uploads\/2026\/02\/image-6-1.webp 880w, https:\/\/cashfive.ch\/wp-content\/uploads\/2026\/02\/image-6-1-450x311.webp 450w, https:\/\/cashfive.ch\/wp-content\/uploads\/2026\/02\/image-6-1-300x207.webp 300w, https:\/\/cashfive.ch\/wp-content\/uploads\/2026\/02\/image-6-1-768x531.webp 768w, https:\/\/cashfive.ch\/wp-content\/uploads\/2026\/02\/image-6-1-18x12.webp 18w\" sizes=\"(max-width: 800px) 100vw, 800px\" \/><img width=\"673\" height=\"593\" src=\"https:\/\/cashfive.ch\/wp-content\/uploads\/2026\/02\/image-13.webp\" alt=\"\" srcset=\"https:\/\/cashfive.ch\/wp-content\/uploads\/2026\/02\/image-13.webp 673w, https:\/\/cashfive.ch\/wp-content\/uploads\/2026\/02\/image-13-450x397.webp 450w, https:\/\/cashfive.ch\/wp-content\/uploads\/2026\/02\/image-13-300x264.webp 300w, https:\/\/cashfive.ch\/wp-content\/uploads\/2026\/02\/image-13-14x12.webp 14w\" sizes=\"(max-width: 673px) 100vw, 673px\" \/><h2> Frequently Asked Questions <\/h2><details id=\"e-n-accordion-item-7190\" open><summary data-accordion-index=\"1\" tabindex=\"0\" aria-expanded=\"true\" aria-controls=\"e-n-accordion-item-7190\" > What personal information does Cashfive collect?<\/summary><p> Cashfive collects the information you provide when buying or selling items\u2014name, address, email, and IP address\u2014in order to process transactions and improve the service. Data is also collected automatically when you browse the site ( <a href=\"https:\/\/cashfive.ch\/privacy-policy\/\">Privacy Policy<\/a> ). <\/p><\/details><details id=\"e-n-accordion-item-7191\" ><summary data-accordion-index=\"2\" tabindex=\"-1\" aria-expanded=\"false\" aria-controls=\"e-n-accordion-item-7191\" > How is my personal data used?<\/summary> The information is used to finalize transactions, provide customer support, communicate updates, and comply with legal obligations. With your consent, Cashfive may send marketing communications. (Privacy Policy) <\/details><details id=\"e-n-accordion-item-7192\" ><summary data-accordion-index=\"3\" tabindex=\"-1\" aria-expanded=\"false\" aria-controls=\"e-n-accordion-item-7192\" > Can I modify or delete my data?<\/summary><p> Yes. You can request access to, correction of, or deletion of your data by contacting Cashfive customer service. Withdrawing your consent does not affect the legality of any processing already carried out. ( <a href=\"https:\/\/cashfive.ch\/privacy-policy\/\">Privacy Policy<\/a> ) <\/p><\/details><details id=\"e-n-accordion-item-7193\" ><summary data-accordion-index=\"4\" tabindex=\"-1\" aria-expanded=\"false\" aria-controls=\"e-n-accordion-item-7193\" > What is the refund policy?<\/summary> Refunds and returns are processed according to the Refund Policy. If an item is eligible for a refund, the procedure and conditions must be followed as outlined in this policy. <\/details><details id=\"e-n-accordion-item-7194\" ><summary data-accordion-index=\"5\" tabindex=\"-1\" aria-expanded=\"false\" aria-controls=\"e-n-accordion-item-7194\" > What are my rights regarding my data?<\/summary><p> You have the right to access, update, correct, delete, or object to the processing of your data. You can also lodge a complaint with the data protection authority if necessary. ( <a href=\"https:\/\/cashfive.ch\/privacy-policy\/\">Privacy Policy<\/a> )<\/p><\/details><p> Cashfive collects the information you provide when buying or selling items\u2014name, address, email, and IP address\u2014in order to process transactions and improve the service. Data is also collected automatically when you browse the site ( <a href=\"https:\/\/cashfive.ch\/privacy-policy\/\">Privacy Policy<\/a> ).<\/p> The information is used to finalize transactions, provide customer support, communicate updates, and comply with legal obligations. With your consent, Cashfive may send marketing communications. (Privacy Policy)<p> Yes. You can request access to, correction of, or deletion of your data by contacting Cashfive customer service. Withdrawing your consent does not affect the legality of any processing already carried out. ( <a href=\"https:\/\/cashfive.ch\/privacy-policy\/\">Privacy Policy<\/a> )<\/p> Refunds and returns are processed according to the Refund Policy. If an item is eligible for a refund, the procedure and conditions must be followed as outlined in this policy.<p> You have the right to access, update, correct, delete, or object to the processing of your data. You can also lodge a complaint with the data protection authority if necessary. ( <a href=\"https:\/\/cashfive.ch\/privacy-policy\/\">Privacy Policy<\/a> )<\/p><h2> They trust us <\/h2><img width=\"800\" height=\"800\" src=\"https:\/\/cashfive.ch\/wp-content\/uploads\/2026\/02\/Group-4.webp\" alt=\"\" srcset=\"https:\/\/cashfive.ch\/wp-content\/uploads\/2026\/02\/Group-4.webp 900w, https:\/\/cashfive.ch\/wp-content\/uploads\/2026\/02\/Group-4-600x600.webp 600w, https:\/\/cashfive.ch\/wp-content\/uploads\/2026\/02\/Group-4-100x100.webp 100w, https:\/\/cashfive.ch\/wp-content\/uploads\/2026\/02\/Group-4-450x450.webp 450w, https:\/\/cashfive.ch\/wp-content\/uploads\/2026\/02\/Group-4-300x300.webp 300w, https:\/\/cashfive.ch\/wp-content\/uploads\/2026\/02\/Group-4-150x150.webp 150w, https:\/\/cashfive.ch\/wp-content\/uploads\/2026\/02\/Group-4-768x768.webp 768w, https:\/\/cashfive.ch\/wp-content\/uploads\/2026\/02\/Group-4-12x12.webp 12w\" sizes=\"(max-width: 800px) 100vw, 800px\" \/><img width=\"800\" height=\"800\" src=\"https:\/\/cashfive.ch\/wp-content\/uploads\/2026\/02\/WhatsApp-Image-2026-02-10-at-21.39.04-1.webp\" alt=\"\" srcset=\"https:\/\/cashfive.ch\/wp-content\/uploads\/2026\/02\/WhatsApp-Image-2026-02-10-at-21.39.04-1.webp 900w, https:\/\/cashfive.ch\/wp-content\/uploads\/2026\/02\/WhatsApp-Image-2026-02-10-at-21.39.04-1-600x600.webp 600w, https:\/\/cashfive.ch\/wp-content\/uploads\/2026\/02\/WhatsApp-Image-2026-02-10-at-21.39.04-1-100x100.webp 100w, https:\/\/cashfive.ch\/wp-content\/uploads\/2026\/02\/WhatsApp-Image-2026-02-10-at-21.39.04-1-450x450.webp 450w, https:\/\/cashfive.ch\/wp-content\/uploads\/2026\/02\/WhatsApp-Image-2026-02-10-at-21.39.04-1-300x300.webp 300w, https:\/\/cashfive.ch\/wp-content\/uploads\/2026\/02\/WhatsApp-Image-2026-02-10-at-21.39.04-1-150x150.webp 150w, https:\/\/cashfive.ch\/wp-content\/uploads\/2026\/02\/WhatsApp-Image-2026-02-10-at-21.39.04-1-768x768.webp 768w, https:\/\/cashfive.ch\/wp-content\/uploads\/2026\/02\/WhatsApp-Image-2026-02-10-at-21.39.04-1-12x12.webp 12w\" sizes=\"(max-width: 800px) 100vw, 800px\" \/><img width=\"800\" height=\"800\" src=\"https:\/\/cashfive.ch\/wp-content\/uploads\/2026\/02\/WhatsApp-Image-2026-02-10-at-21.39.39-1.webp\" alt=\"\" srcset=\"https:\/\/cashfive.ch\/wp-content\/uploads\/2026\/02\/WhatsApp-Image-2026-02-10-at-21.39.39-1.webp 900w, https:\/\/cashfive.ch\/wp-content\/uploads\/2026\/02\/WhatsApp-Image-2026-02-10-at-21.39.39-1-600x600.webp 600w, https:\/\/cashfive.ch\/wp-content\/uploads\/2026\/02\/WhatsApp-Image-2026-02-10-at-21.39.39-1-100x100.webp 100w, https:\/\/cashfive.ch\/wp-content\/uploads\/2026\/02\/WhatsApp-Image-2026-02-10-at-21.39.39-1-450x450.webp 450w, https:\/\/cashfive.ch\/wp-content\/uploads\/2026\/02\/WhatsApp-Image-2026-02-10-at-21.39.39-1-300x300.webp 300w, https:\/\/cashfive.ch\/wp-content\/uploads\/2026\/02\/WhatsApp-Image-2026-02-10-at-21.39.39-1-150x150.webp 150w, https:\/\/cashfive.ch\/wp-content\/uploads\/2026\/02\/WhatsApp-Image-2026-02-10-at-21.39.39-1-768x768.webp 768w, https:\/\/cashfive.ch\/wp-content\/uploads\/2026\/02\/WhatsApp-Image-2026-02-10-at-21.39.39-1-12x12.webp 12w\" sizes=\"(max-width: 800px) 100vw, 800px\" \/><img width=\"800\" height=\"800\" src=\"https:\/\/cashfive.ch\/wp-content\/uploads\/2026\/02\/WhatsApp-Image-2026-02-10-at-21.39.19-1.webp\" alt=\"\" srcset=\"https:\/\/cashfive.ch\/wp-content\/uploads\/2026\/02\/WhatsApp-Image-2026-02-10-at-21.39.19-1.webp 900w, https:\/\/cashfive.ch\/wp-content\/uploads\/2026\/02\/WhatsApp-Image-2026-02-10-at-21.39.19-1-600x600.webp 600w, https:\/\/cashfive.ch\/wp-content\/uploads\/2026\/02\/WhatsApp-Image-2026-02-10-at-21.39.19-1-100x100.webp 100w, https:\/\/cashfive.ch\/wp-content\/uploads\/2026\/02\/WhatsApp-Image-2026-02-10-at-21.39.19-1-450x450.webp 450w, https:\/\/cashfive.ch\/wp-content\/uploads\/2026\/02\/WhatsApp-Image-2026-02-10-at-21.39.19-1-300x300.webp 300w, https:\/\/cashfive.ch\/wp-content\/uploads\/2026\/02\/WhatsApp-Image-2026-02-10-at-21.39.19-1-150x150.webp 150w, https:\/\/cashfive.ch\/wp-content\/uploads\/2026\/02\/WhatsApp-Image-2026-02-10-at-21.39.19-1-768x768.webp 768w, https:\/\/cashfive.ch\/wp-content\/uploads\/2026\/02\/WhatsApp-Image-2026-02-10-at-21.39.19-1-12x12.webp 12w\" sizes=\"(max-width: 800px) 100vw, 800px\" \/> <a href=\"https:\/\/cashfive.ch\/contact\/\">Get a quote now<\/a> [grw id=21401]","protected":false},"excerpt":{"rendered":"<p>Buy, Sell &amp; Repair at the Best Price in Geneva Smartphones, Computers, Watches &amp; Gold, Video Games, Leather Goods. Tested, guaranteed and paid for immediately. Estimate Your Device Now Swiss Service 1-Year Warranty Fast Delivery Certified pre-owned products All items are tested, checked and ready for their next owner. Smartphone Computer Watches &amp; Jewelry Leather [&hellip;]<\/p>\n","protected":false},"author":2,"featured_media":0,"parent":0,"menu_order":0,"comment_status":"closed","ping_status":"closed","template":"","meta":{"footnotes":""},"class_list":["post-7","page","type-page","status-publish","hentry"],"yoast_head":"<!-- This site is optimized with the Yoast SEO plugin v27.3 - https:\/\/yoast.com\/product\/yoast-seo-wordpress\/ -->\n<title>Home - Cashfive<\/title>\n<meta name=\"description\" content=\"Achetez, vendez et r\u00e9parez \u00e0 Gen\u00e8ve au meilleur prix. Smartphones, ordinateurs, montres &amp; or, jeux vid\u00e9os, maroquinerie. Test\u00e9s et pay\u00e9s.\" \/>\n<meta name=\"robots\" content=\"index, follow, max-snippet:-1, max-image-preview:large, max-video-preview:-1\" \/>\n<link rel=\"canonical\" href=\"https:\/\/cashfive.ch\/\" \/>\n<meta property=\"og:locale\" content=\"fr_FR\" \/>\n<meta property=\"og:type\" content=\"article\" \/>\n<meta property=\"og:title\" content=\"Home - Cashfive\" \/>\n<meta property=\"og:description\" content=\"Achetez, vendez et r\u00e9parez \u00e0 Gen\u00e8ve au meilleur prix. Smartphones, ordinateurs, montres &amp; or, jeux vid\u00e9os, maroquinerie. Test\u00e9s et pay\u00e9s.\" \/>\n<meta property=\"og:url\" content=\"https:\/\/cashfive.ch\/\" \/>\n<meta property=\"og:site_name\" content=\"Cashfive\" \/>\n<meta property=\"article:publisher\" content=\"https:\/\/www.facebook.com\/profile.php?id=100072507924519\" \/>\n<meta property=\"article:modified_time\" content=\"2026-03-09T12:35:38+00:00\" \/>\n<meta property=\"og:image\" content=\"https:\/\/cashfive.ch\/wp-content\/uploads\/2026\/02\/image-2-2.svg\" \/>\n<meta name=\"twitter:card\" content=\"summary_large_image\" \/>\n<meta name=\"twitter:label1\" content=\"Dur\u00e9e de lecture estim\u00e9e\" \/>\n\t<meta name=\"twitter:data1\" content=\"5 minutes\" \/>\n<script type=\"application\/ld+json\" class=\"yoast-schema-graph\">{\"@context\":\"https:\\\/\\\/schema.org\",\"@graph\":[{\"@type\":\"WebPage\",\"@id\":\"https:\\\/\\\/cashfive.ch\\\/\",\"url\":\"https:\\\/\\\/cashfive.ch\\\/\",\"name\":\"Home - Cashfive\",\"isPartOf\":{\"@id\":\"https:\\\/\\\/cashfive.ch\\\/en\\\/#website\"},\"primaryImageOfPage\":{\"@id\":\"https:\\\/\\\/cashfive.ch\\\/#primaryimage\"},\"image\":{\"@id\":\"https:\\\/\\\/cashfive.ch\\\/#primaryimage\"},\"thumbnailUrl\":\"https:\\\/\\\/cashfive.ch\\\/wp-content\\\/uploads\\\/2026\\\/02\\\/image-2-2.svg\",\"datePublished\":\"2025-10-27T13:44:52+00:00\",\"dateModified\":\"2026-03-09T12:35:38+00:00\",\"description\":\"Achetez, vendez et r\u00e9parez \u00e0 Gen\u00e8ve au meilleur prix. Smartphones, ordinateurs, montres & or, jeux vid\u00e9os, maroquinerie. Test\u00e9s et pay\u00e9s.\",\"breadcrumb\":{\"@id\":\"https:\\\/\\\/cashfive.ch\\\/#breadcrumb\"},\"inLanguage\":\"fr-FR\",\"potentialAction\":[{\"@type\":\"ReadAction\",\"target\":[\"https:\\\/\\\/cashfive.ch\\\/\"]}]},{\"@type\":\"ImageObject\",\"inLanguage\":\"fr-FR\",\"@id\":\"https:\\\/\\\/cashfive.ch\\\/#primaryimage\",\"url\":\"https:\\\/\\\/cashfive.ch\\\/wp-content\\\/uploads\\\/2026\\\/02\\\/image-2-2.svg\",\"contentUrl\":\"https:\\\/\\\/cashfive.ch\\\/wp-content\\\/uploads\\\/2026\\\/02\\\/image-2-2.svg\",\"width\":322,\"height\":127},{\"@type\":\"BreadcrumbList\",\"@id\":\"https:\\\/\\\/cashfive.ch\\\/#breadcrumb\",\"itemListElement\":[{\"@type\":\"ListItem\",\"position\":1,\"name\":\"Home\",\"item\":\"https:\\\/\\\/cashfive.ch\\\/\"},{\"@type\":\"ListItem\",\"position\":2,\"name\":\"Home\"}]},{\"@type\":\"WebSite\",\"@id\":\"https:\\\/\\\/cashfive.ch\\\/#website\",\"url\":\"https:\\\/\\\/cashfive.ch\\\/\",\"name\":\"CashFive\",\"description\":\"\",\"publisher\":{\"@id\":\"https:\\\/\\\/cashfive.ch\\\/en\\\/#organization\"},\"potentialAction\":[{\"@type\":\"SearchAction\",\"target\":{\"@type\":\"EntryPoint\",\"urlTemplate\":\"https:\\\/\\\/cashfive.ch\\\/?s={search_term_string}\"},\"query-input\":{\"@type\":\"PropertyValueSpecification\",\"valueRequired\":true,\"valueName\":\"search_term_string\"}}],\"inLanguage\":\"fr-FR\"},{\"@type\":\"Organization\",\"@id\":\"https:\\\/\\\/cashfive.ch\\\/#organization\",\"name\":\"CashFive\",\"url\":\"https:\\\/\\\/cashfive.ch\\\/\",\"logo\":{\"@type\":\"ImageObject\",\"inLanguage\":\"fr-FR\",\"@id\":\"https:\\\/\\\/cashfive.ch\\\/en\\\/#\\\/schema\\\/logo\\\/image\\\/\",\"url\":\"https:\\\/\\\/cashfive.ch\\\/wp-content\\\/uploads\\\/2025\\\/11\\\/cropped-b387cbc7100387a3592e966c2446eb597f7d93de.png\",\"contentUrl\":\"https:\\\/\\\/cashfive.ch\\\/wp-content\\\/uploads\\\/2025\\\/11\\\/cropped-b387cbc7100387a3592e966c2446eb597f7d93de.png\",\"width\":99,\"height\":79,\"caption\":\"CashFive\"},\"image\":{\"@id\":\"https:\\\/\\\/cashfive.ch\\\/en\\\/#\\\/schema\\\/logo\\\/image\\\/\"},\"sameAs\":[\"https:\\\/\\\/www.facebook.com\\\/profile.php?id=100072507924519\",\"https:\\\/\\\/www.instagram.com\\\/cash5ive\\\/\"]}]}<\/script>\n<!-- \/ Yoast SEO plugin. -->","yoast_head_json":{"title":"Home - Cashfive","description":"Achetez, vendez et r\u00e9parez \u00e0 Gen\u00e8ve au meilleur prix. Smartphones, ordinateurs, montres & or, jeux vid\u00e9os, maroquinerie. Test\u00e9s et pay\u00e9s.","robots":{"index":"index","follow":"follow","max-snippet":"max-snippet:-1","max-image-preview":"max-image-preview:large","max-video-preview":"max-video-preview:-1"},"canonical":"https:\/\/cashfive.ch\/","og_locale":"fr_FR","og_type":"article","og_title":"Home - Cashfive","og_description":"Achetez, vendez et r\u00e9parez \u00e0 Gen\u00e8ve au meilleur prix. Smartphones, ordinateurs, montres & or, jeux vid\u00e9os, maroquinerie. Test\u00e9s et pay\u00e9s.","og_url":"https:\/\/cashfive.ch\/","og_site_name":"Cashfive","article_publisher":"https:\/\/www.facebook.com\/profile.php?id=100072507924519","article_modified_time":"2026-03-09T12:35:38+00:00","og_image":[{"url":"https:\/\/cashfive.ch\/wp-content\/uploads\/2026\/02\/image-2-2.svg","type":"","width":"","height":""}],"twitter_card":"summary_large_image","twitter_misc":{"Dur\u00e9e de lecture estim\u00e9e":"5 minutes"},"schema":{"@context":"https:\/\/schema.org","@graph":[{"@type":"WebPage","@id":"https:\/\/cashfive.ch\/","url":"https:\/\/cashfive.ch\/","name":"Home - Cashfive","isPartOf":{"@id":"https:\/\/cashfive.ch\/en\/#website"},"primaryImageOfPage":{"@id":"https:\/\/cashfive.ch\/#primaryimage"},"image":{"@id":"https:\/\/cashfive.ch\/#primaryimage"},"thumbnailUrl":"https:\/\/cashfive.ch\/wp-content\/uploads\/2026\/02\/image-2-2.svg","datePublished":"2025-10-27T13:44:52+00:00","dateModified":"2026-03-09T12:35:38+00:00","description":"Achetez, vendez et r\u00e9parez \u00e0 Gen\u00e8ve au meilleur prix. Smartphones, ordinateurs, montres & or, jeux vid\u00e9os, maroquinerie. Test\u00e9s et pay\u00e9s.","breadcrumb":{"@id":"https:\/\/cashfive.ch\/#breadcrumb"},"inLanguage":"fr-FR","potentialAction":[{"@type":"ReadAction","target":["https:\/\/cashfive.ch\/"]}]},{"@type":"ImageObject","inLanguage":"fr-FR","@id":"https:\/\/cashfive.ch\/#primaryimage","url":"https:\/\/cashfive.ch\/wp-content\/uploads\/2026\/02\/image-2-2.svg","contentUrl":"https:\/\/cashfive.ch\/wp-content\/uploads\/2026\/02\/image-2-2.svg","width":322,"height":127},{"@type":"BreadcrumbList","@id":"https:\/\/cashfive.ch\/#breadcrumb","itemListElement":[{"@type":"ListItem","position":1,"name":"Home","item":"https:\/\/cashfive.ch\/"},{"@type":"ListItem","position":2,"name":"Home"}]},{"@type":"WebSite","@id":"https:\/\/cashfive.ch\/#website","url":"https:\/\/cashfive.ch\/","name":"CashFive","description":"","publisher":{"@id":"https:\/\/cashfive.ch\/en\/#organization"},"potentialAction":[{"@type":"SearchAction","target":{"@type":"EntryPoint","urlTemplate":"https:\/\/cashfive.ch\/?s={search_term_string}"},"query-input":{"@type":"PropertyValueSpecification","valueRequired":true,"valueName":"search_term_string"}}],"inLanguage":"fr-FR"},{"@type":"Organization","@id":"https:\/\/cashfive.ch\/#organization","name":"CashFive","url":"https:\/\/cashfive.ch\/","logo":{"@type":"ImageObject","inLanguage":"fr-FR","@id":"https:\/\/cashfive.ch\/en\/#\/schema\/logo\/image\/","url":"https:\/\/cashfive.ch\/wp-content\/uploads\/2025\/11\/cropped-b387cbc7100387a3592e966c2446eb597f7d93de.png","contentUrl":"https:\/\/cashfive.ch\/wp-content\/uploads\/2025\/11\/cropped-b387cbc7100387a3592e966c2446eb597f7d93de.png","width":99,"height":79,"caption":"CashFive"},"image":{"@id":"https:\/\/cashfive.ch\/en\/#\/schema\/logo\/image\/"},"sameAs":["https:\/\/www.facebook.com\/profile.php?id=100072507924519","https:\/\/www.instagram.com\/cash5ive\/"]}]}},"_links":{"self":[{"href":"https:\/\/cashfive.ch\/wp-json\/wp\/v2\/pages\/7","targetHints":{"allow":["GET"]}}],"collection":[{"href":"https:\/\/cashfive.ch\/wp-json\/wp\/v2\/pages"}],"about":[{"href":"https:\/\/cashfive.ch\/wp-json\/wp\/v2\/types\/page"}],"author":[{"embeddable":true,"href":"https:\/\/cashfive.ch\/wp-json\/wp\/v2\/users\/2"}],"replies":[{"embeddable":true,"href":"https:\/\/cashfive.ch\/wp-json\/wp\/v2\/comments?post=7"}],"version-history":[{"count":0,"href":"https:\/\/cashfive.ch\/wp-json\/wp\/v2\/pages\/7\/revisions"}],"wp:attachment":[{"href":"https:\/\/cashfive.ch\/wp-json\/wp\/v2\/media?parent=7"}],"curies":[{"name":"wp","href":"https:\/\/api.w.org\/{rel}","templated":true}]}}