{"id":7,"date":"2025-10-27T13:44:52","date_gmt":"2025-10-27T13:44:52","guid":{"rendered":"https:\/\/cashfive.ch\/?page_id=7"},"modified":"2026-03-09T12:35:38","modified_gmt":"2026-03-09T12:35:38","slug":"home","status":"publish","type":"page","link":"https:\/\/cashfive.ch\/de\/","title":{"rendered":"Heim"},"content":{"rendered":"<h1>Kaufen, Verkaufen &amp; Reparieren zum besten Preis in Genf<\/h1><p> Smartphones, Computer, Uhren &amp; Gold, Videospiele, Lederwaren. Gepr\u00fcft, mit Garantie und sofort bezahlt.<\/p> <a href=\"https:\/\/cashfive.ch\/shop\/\">Sch\u00e4tzen Sie Ihr Ger\u00e4t jetzt ein.<\/a> <a role=\"button\">Schweizer Service.<\/a> <a role=\"button\">1 Jahr Garantie.<\/a> <a role=\"button\">Schnelle Lieferung.<\/a><h2> Zertifizierte Gebrauchtprodukte<\/h2> Alle Artikel sind gepr\u00fcft, getestet und bereit f\u00fcr ihren n\u00e4chsten Besitzer.<h2> Smartphone<\/h2><h2> Computer<\/h2><h2> Uhren &amp; Schmuck<\/h2><h2> Lederwaren<\/h2><h2> Videospiele<\/h2><h2> Unsere Dienstleistungen<\/h2> Telefonreparatur<p> Bildschirmtausch, Wechsel<br \/> Batteriereinigung\u2026 <\/p><img width=\"322\" height=\"127\" src=\"https:\/\/cashfive.ch\/wp-content\/uploads\/2026\/02\/image-2-2.svg\" alt=\"\" \/> Nachhaltige Verantwortung<p> Wir schenken ihnen ein zweites Leben<br \/> jedes Produkt. <\/p><img width=\"243\" height=\"135\" src=\"https:\/\/cashfive.ch\/wp-content\/uploads\/2026\/02\/image-1-3.svg\" alt=\"\" \/> Computerreparatur<p> Komponentenaustausch, Pr\u00fcfung,<br \/> Reinigung\u2026 <\/p><img width=\"303\" height=\"185\" src=\"https:\/\/cashfive.ch\/wp-content\/uploads\/2026\/02\/image-1-1-1.svg\" alt=\"\" \/><h2> Vertrauen und Werte<\/h2><h2> Schweizer Qualit\u00e4t und Vertrauen<\/h2> Alle unsere Reparatur- und Pr\u00fcfdienstleistungen werden sorgf\u00e4ltig und pr\u00e4zise durchgef\u00fchrt. Ob Handys, Computer oder wertvolles Zubeh\u00f6r \u2013 wir wenden hohe Standards an, um Zuverl\u00e4ssigkeit, Sicherheit und Kundenzufriedenheit zu gew\u00e4hrleisten.<h2> Einsparungen &amp; Nachhaltigkeit<\/h2> Die Reparatur und Wartung Ihrer Haushaltsger\u00e4te verl\u00e4ngert deren Lebensdauer und senkt gleichzeitig die Kosten. Von der Komponentenerneuerung bis zur Komplettreinigung \u2013 unsere L\u00f6sungen helfen Ihnen, Geld zu sparen und gleichzeitig einen verantwortungsvollen und nachhaltigen Ansatz zu verfolgen.<h2> Klare und transparente Preisgestaltung<\/h2> Wir bieten transparente Dienstleistungen: Reparatur von Handys und Computern, Softwareinstallation, Datentransfer, Rollerreparatur und \u00dcberpr\u00fcfung von Luxusprodukten. Keine versteckten Kosten \u2013 alle Leistungen werden transparent erkl\u00e4rt.<h2> Schneller und lokaler Service<\/h2> Wir bieten effizienten Service vor Ort, inklusive schneller Reparaturen und Lieferung ausgew\u00e4hlter Produkte. Ben\u00f6tigen Sie weitere Informationen? Unser Team hilft Ihnen gerne weiter. <img width=\"642\" height=\"450\" src=\"https:\/\/cashfive.ch\/wp-content\/uploads\/2026\/02\/image-12.webp\" alt=\"\" srcset=\"https:\/\/cashfive.ch\/wp-content\/uploads\/2026\/02\/image-12.webp 642w, https:\/\/cashfive.ch\/wp-content\/uploads\/2026\/02\/image-12-450x315.webp 450w, https:\/\/cashfive.ch\/wp-content\/uploads\/2026\/02\/image-12-300x210.webp 300w, https:\/\/cashfive.ch\/wp-content\/uploads\/2026\/02\/image-12-18x12.webp 18w\" sizes=\"(max-width: 642px) 100vw, 642px\" \/><h1> Reparieren oder verkaufen Sie Ihr Smartphone<\/h1> Erhalten Sie schnell ein Angebot, zahlen Sie bar oder mit Gutscheinen <a href=\"https:\/\/cashfive.ch\/contact\/\">. Jetzt verkaufen<\/a> <img width=\"800\" height=\"553\" src=\"https:\/\/cashfive.ch\/wp-content\/uploads\/2026\/02\/image-6-1.webp\" alt=\"\" srcset=\"https:\/\/cashfive.ch\/wp-content\/uploads\/2026\/02\/image-6-1.webp 880w, https:\/\/cashfive.ch\/wp-content\/uploads\/2026\/02\/image-6-1-450x311.webp 450w, https:\/\/cashfive.ch\/wp-content\/uploads\/2026\/02\/image-6-1-300x207.webp 300w, https:\/\/cashfive.ch\/wp-content\/uploads\/2026\/02\/image-6-1-768x531.webp 768w, https:\/\/cashfive.ch\/wp-content\/uploads\/2026\/02\/image-6-1-18x12.webp 18w\" sizes=\"(max-width: 800px) 100vw, 800px\" \/><img width=\"673\" height=\"593\" src=\"https:\/\/cashfive.ch\/wp-content\/uploads\/2026\/02\/image-13.webp\" alt=\"\" srcset=\"https:\/\/cashfive.ch\/wp-content\/uploads\/2026\/02\/image-13.webp 673w, https:\/\/cashfive.ch\/wp-content\/uploads\/2026\/02\/image-13-450x397.webp 450w, https:\/\/cashfive.ch\/wp-content\/uploads\/2026\/02\/image-13-300x264.webp 300w, https:\/\/cashfive.ch\/wp-content\/uploads\/2026\/02\/image-13-14x12.webp 14w\" sizes=\"(max-width: 673px) 100vw, 673px\" \/><h2> H\u00e4ufig gestellte Fragen <\/h2><details id=\"e-n-accordion-item-7190\" open><summary data-accordion-index=\"1\" tabindex=\"0\" aria-expanded=\"true\" aria-controls=\"e-n-accordion-item-7190\" > Welche pers\u00f6nlichen Daten erhebt Cashfive?<\/summary><p> Cashfive erhebt die von Ihnen beim Kauf oder Verkauf von Artikeln angegebenen Daten \u2013 Name, Adresse, E-Mail-Adresse und IP-Adresse \u2013, um Transaktionen abzuwickeln und den Service zu verbessern. Daten werden auch automatisch erfasst, wenn Sie die Website besuchen ( <a href=\"https:\/\/cashfive.ch\/privacy-policy\/\">Datenschutzrichtlinie<\/a> ). <\/p><\/details><details id=\"e-n-accordion-item-7191\" ><summary data-accordion-index=\"2\" tabindex=\"-1\" aria-expanded=\"false\" aria-controls=\"e-n-accordion-item-7191\" > Wie werden meine pers\u00f6nlichen Daten verwendet?<\/summary> Die Informationen werden zur Abwicklung von Transaktionen, zur Bereitstellung von Kundensupport, zur Kommunikation von Aktualisierungen und zur Erf\u00fcllung gesetzlicher Verpflichtungen verwendet. Mit Ihrer Einwilligung kann Cashfive Ihnen Marketingmitteilungen zusenden. (Datenschutzrichtlinie) <\/details><details id=\"e-n-accordion-item-7192\" ><summary data-accordion-index=\"3\" tabindex=\"-1\" aria-expanded=\"false\" aria-controls=\"e-n-accordion-item-7192\" > Kann ich meine Daten \u00e4ndern oder l\u00f6schen?<\/summary><p> Ja. Sie k\u00f6nnen Auskunft \u00fcber Ihre Daten, deren Berichtigung oder L\u00f6schung beantragen, indem Sie sich an den Cashfive-Kundenservice wenden. Der Widerruf Ihrer Einwilligung hat keinen Einfluss auf die Rechtm\u00e4\u00dfigkeit der bereits erfolgten Datenverarbeitung. ( <a href=\"https:\/\/cashfive.ch\/privacy-policy\/\">Datenschutzrichtlinie<\/a> ) <\/p><\/details><details id=\"e-n-accordion-item-7193\" ><summary data-accordion-index=\"4\" tabindex=\"-1\" aria-expanded=\"false\" aria-controls=\"e-n-accordion-item-7193\" > Wie lauten die R\u00fcckerstattungsbedingungen?<\/summary> R\u00fcckerstattungen und Retouren werden gem\u00e4\u00df der R\u00fcckerstattungsrichtlinie bearbeitet. Wenn ein Artikel f\u00fcr eine R\u00fcckerstattung in Frage kommt, m\u00fcssen die in dieser Richtlinie beschriebenen Verfahren und Bedingungen eingehalten werden. <\/details><details id=\"e-n-accordion-item-7194\" ><summary data-accordion-index=\"5\" tabindex=\"-1\" aria-expanded=\"false\" aria-controls=\"e-n-accordion-item-7194\" > Welche Rechte habe ich in Bezug auf meine Daten?<\/summary><p> Sie haben das Recht, auf Ihre Daten zuzugreifen, diese zu aktualisieren, zu berichtigen, zu l\u00f6schen oder ihrer Verarbeitung zu widersprechen. Sie k\u00f6nnen gegebenenfalls auch eine Beschwerde bei der Datenschutzbeh\u00f6rde einreichen. ( <a href=\"https:\/\/cashfive.ch\/privacy-policy\/\">Datenschutzrichtlinie<\/a> )<\/p><\/details><p> Cashfive erhebt die von Ihnen beim Kauf oder Verkauf von Artikeln angegebenen Daten \u2013 Name, Adresse, E-Mail-Adresse und IP-Adresse \u2013, um Transaktionen abzuwickeln und den Service zu verbessern. Daten werden auch automatisch erfasst, wenn Sie die Website besuchen ( <a href=\"https:\/\/cashfive.ch\/privacy-policy\/\">Datenschutzrichtlinie<\/a> ).<\/p> Die Informationen werden zur Abwicklung von Transaktionen, zur Bereitstellung von Kundensupport, zur Kommunikation von Aktualisierungen und zur Erf\u00fcllung gesetzlicher Verpflichtungen verwendet. Mit Ihrer Einwilligung kann Cashfive Ihnen Marketingmitteilungen zusenden. (Datenschutzrichtlinie)<p> Ja. Sie k\u00f6nnen Auskunft \u00fcber Ihre Daten, deren Berichtigung oder L\u00f6schung beantragen, indem Sie sich an den Cashfive-Kundenservice wenden. Der Widerruf Ihrer Einwilligung hat keinen Einfluss auf die Rechtm\u00e4\u00dfigkeit der bereits erfolgten Datenverarbeitung. ( <a href=\"https:\/\/cashfive.ch\/privacy-policy\/\">Datenschutzrichtlinie<\/a> )<\/p> R\u00fcckerstattungen und Retouren werden gem\u00e4\u00df der R\u00fcckerstattungsrichtlinie bearbeitet. Wenn ein Artikel f\u00fcr eine R\u00fcckerstattung in Frage kommt, m\u00fcssen die in dieser Richtlinie beschriebenen Verfahren und Bedingungen eingehalten werden.<p> Sie haben das Recht, auf Ihre Daten zuzugreifen, diese zu aktualisieren, zu berichtigen, zu l\u00f6schen oder ihrer Verarbeitung zu widersprechen. Sie k\u00f6nnen gegebenenfalls auch eine Beschwerde bei der Datenschutzbeh\u00f6rde einreichen. ( <a href=\"https:\/\/cashfive.ch\/privacy-policy\/\">Datenschutzrichtlinie<\/a> )<\/p><h2> Sie vertrauen uns <\/h2><img width=\"800\" height=\"800\" src=\"https:\/\/cashfive.ch\/wp-content\/uploads\/2026\/02\/Group-4.webp\" alt=\"\" srcset=\"https:\/\/cashfive.ch\/wp-content\/uploads\/2026\/02\/Group-4.webp 900w, https:\/\/cashfive.ch\/wp-content\/uploads\/2026\/02\/Group-4-600x600.webp 600w, https:\/\/cashfive.ch\/wp-content\/uploads\/2026\/02\/Group-4-100x100.webp 100w, https:\/\/cashfive.ch\/wp-content\/uploads\/2026\/02\/Group-4-450x450.webp 450w, https:\/\/cashfive.ch\/wp-content\/uploads\/2026\/02\/Group-4-300x300.webp 300w, https:\/\/cashfive.ch\/wp-content\/uploads\/2026\/02\/Group-4-150x150.webp 150w, https:\/\/cashfive.ch\/wp-content\/uploads\/2026\/02\/Group-4-768x768.webp 768w, https:\/\/cashfive.ch\/wp-content\/uploads\/2026\/02\/Group-4-12x12.webp 12w\" sizes=\"(max-width: 800px) 100vw, 800px\" \/><img width=\"800\" height=\"800\" src=\"https:\/\/cashfive.ch\/wp-content\/uploads\/2026\/02\/WhatsApp-Image-2026-02-10-at-21.39.04-1.webp\" alt=\"\" srcset=\"https:\/\/cashfive.ch\/wp-content\/uploads\/2026\/02\/WhatsApp-Image-2026-02-10-at-21.39.04-1.webp 900w, https:\/\/cashfive.ch\/wp-content\/uploads\/2026\/02\/WhatsApp-Image-2026-02-10-at-21.39.04-1-600x600.webp 600w, https:\/\/cashfive.ch\/wp-content\/uploads\/2026\/02\/WhatsApp-Image-2026-02-10-at-21.39.04-1-100x100.webp 100w, https:\/\/cashfive.ch\/wp-content\/uploads\/2026\/02\/WhatsApp-Image-2026-02-10-at-21.39.04-1-450x450.webp 450w, https:\/\/cashfive.ch\/wp-content\/uploads\/2026\/02\/WhatsApp-Image-2026-02-10-at-21.39.04-1-300x300.webp 300w, https:\/\/cashfive.ch\/wp-content\/uploads\/2026\/02\/WhatsApp-Image-2026-02-10-at-21.39.04-1-150x150.webp 150w, https:\/\/cashfive.ch\/wp-content\/uploads\/2026\/02\/WhatsApp-Image-2026-02-10-at-21.39.04-1-768x768.webp 768w, https:\/\/cashfive.ch\/wp-content\/uploads\/2026\/02\/WhatsApp-Image-2026-02-10-at-21.39.04-1-12x12.webp 12w\" sizes=\"(max-width: 800px) 100vw, 800px\" \/><img width=\"800\" height=\"800\" src=\"https:\/\/cashfive.ch\/wp-content\/uploads\/2026\/02\/WhatsApp-Image-2026-02-10-at-21.39.39-1.webp\" alt=\"\" srcset=\"https:\/\/cashfive.ch\/wp-content\/uploads\/2026\/02\/WhatsApp-Image-2026-02-10-at-21.39.39-1.webp 900w, https:\/\/cashfive.ch\/wp-content\/uploads\/2026\/02\/WhatsApp-Image-2026-02-10-at-21.39.39-1-600x600.webp 600w, https:\/\/cashfive.ch\/wp-content\/uploads\/2026\/02\/WhatsApp-Image-2026-02-10-at-21.39.39-1-100x100.webp 100w, https:\/\/cashfive.ch\/wp-content\/uploads\/2026\/02\/WhatsApp-Image-2026-02-10-at-21.39.39-1-450x450.webp 450w, https:\/\/cashfive.ch\/wp-content\/uploads\/2026\/02\/WhatsApp-Image-2026-02-10-at-21.39.39-1-300x300.webp 300w, https:\/\/cashfive.ch\/wp-content\/uploads\/2026\/02\/WhatsApp-Image-2026-02-10-at-21.39.39-1-150x150.webp 150w, https:\/\/cashfive.ch\/wp-content\/uploads\/2026\/02\/WhatsApp-Image-2026-02-10-at-21.39.39-1-768x768.webp 768w, https:\/\/cashfive.ch\/wp-content\/uploads\/2026\/02\/WhatsApp-Image-2026-02-10-at-21.39.39-1-12x12.webp 12w\" sizes=\"(max-width: 800px) 100vw, 800px\" \/><img width=\"800\" height=\"800\" src=\"https:\/\/cashfive.ch\/wp-content\/uploads\/2026\/02\/WhatsApp-Image-2026-02-10-at-21.39.19-1.webp\" alt=\"\" srcset=\"https:\/\/cashfive.ch\/wp-content\/uploads\/2026\/02\/WhatsApp-Image-2026-02-10-at-21.39.19-1.webp 900w, https:\/\/cashfive.ch\/wp-content\/uploads\/2026\/02\/WhatsApp-Image-2026-02-10-at-21.39.19-1-600x600.webp 600w, https:\/\/cashfive.ch\/wp-content\/uploads\/2026\/02\/WhatsApp-Image-2026-02-10-at-21.39.19-1-100x100.webp 100w, https:\/\/cashfive.ch\/wp-content\/uploads\/2026\/02\/WhatsApp-Image-2026-02-10-at-21.39.19-1-450x450.webp 450w, https:\/\/cashfive.ch\/wp-content\/uploads\/2026\/02\/WhatsApp-Image-2026-02-10-at-21.39.19-1-300x300.webp 300w, https:\/\/cashfive.ch\/wp-content\/uploads\/2026\/02\/WhatsApp-Image-2026-02-10-at-21.39.19-1-150x150.webp 150w, https:\/\/cashfive.ch\/wp-content\/uploads\/2026\/02\/WhatsApp-Image-2026-02-10-at-21.39.19-1-768x768.webp 768w, https:\/\/cashfive.ch\/wp-content\/uploads\/2026\/02\/WhatsApp-Image-2026-02-10-at-21.39.19-1-12x12.webp 12w\" sizes=\"(max-width: 800px) 100vw, 800px\" \/> <a href=\"https:\/\/cashfive.ch\/contact\/\">Jetzt ein Angebot anfordern<\/a> [grw id=21401]","protected":false},"excerpt":{"rendered":"<p>Kaufen, Verkaufen &amp; Reparieren zum besten Preis in Genf Smartphones, Computer, Uhren &amp; Gold, Videospiele, Lederwaren. Gepr\u00fcft, mit Garantie und sofort bezahlt. Sch\u00e4tzen Sie Ihr Ger\u00e4t jetzt ein. Schweizer Service. 1 Jahr Garantie. Schnelle Lieferung. Zertifizierte Gebrauchtprodukte Alle Artikel sind gepr\u00fcft, getestet und bereit f\u00fcr ihren n\u00e4chsten Besitzer. Smartphone Computer Uhren &amp; Schmuck Lederwaren Videospiele [&hellip;]<\/p>\n","protected":false},"author":2,"featured_media":0,"parent":0,"menu_order":0,"comment_status":"closed","ping_status":"closed","template":"","meta":{"footnotes":""},"class_list":["post-7","page","type-page","status-publish","hentry"],"yoast_head":"<!-- This site is optimized with the Yoast SEO plugin v27.3 - https:\/\/yoast.com\/product\/yoast-seo-wordpress\/ -->\n<title>Home - Cashfive<\/title>\n<meta name=\"description\" content=\"Achetez, vendez et r\u00e9parez \u00e0 Gen\u00e8ve au meilleur prix. Smartphones, ordinateurs, montres &amp; or, jeux vid\u00e9os, maroquinerie. Test\u00e9s et pay\u00e9s.\" \/>\n<meta name=\"robots\" content=\"index, follow, max-snippet:-1, max-image-preview:large, max-video-preview:-1\" \/>\n<link rel=\"canonical\" href=\"https:\/\/cashfive.ch\/\" \/>\n<meta property=\"og:locale\" content=\"fr_FR\" \/>\n<meta property=\"og:type\" content=\"article\" \/>\n<meta property=\"og:title\" content=\"Home - Cashfive\" \/>\n<meta property=\"og:description\" content=\"Achetez, vendez et r\u00e9parez \u00e0 Gen\u00e8ve au meilleur prix. Smartphones, ordinateurs, montres &amp; or, jeux vid\u00e9os, maroquinerie. Test\u00e9s et pay\u00e9s.\" \/>\n<meta property=\"og:url\" content=\"https:\/\/cashfive.ch\/\" \/>\n<meta property=\"og:site_name\" content=\"Cashfive\" \/>\n<meta property=\"article:publisher\" content=\"https:\/\/www.facebook.com\/profile.php?id=100072507924519\" \/>\n<meta property=\"article:modified_time\" content=\"2026-03-09T12:35:38+00:00\" \/>\n<meta property=\"og:image\" content=\"https:\/\/cashfive.ch\/wp-content\/uploads\/2026\/02\/image-2-2.svg\" \/>\n<meta name=\"twitter:card\" content=\"summary_large_image\" \/>\n<meta name=\"twitter:label1\" content=\"Dur\u00e9e de lecture estim\u00e9e\" \/>\n\t<meta name=\"twitter:data1\" content=\"5 minutes\" \/>\n<script type=\"application\/ld+json\" class=\"yoast-schema-graph\">{\"@context\":\"https:\\\/\\\/schema.org\",\"@graph\":[{\"@type\":\"WebPage\",\"@id\":\"https:\\\/\\\/cashfive.ch\\\/\",\"url\":\"https:\\\/\\\/cashfive.ch\\\/\",\"name\":\"Home - Cashfive\",\"isPartOf\":{\"@id\":\"https:\\\/\\\/cashfive.ch\\\/en\\\/#website\"},\"primaryImageOfPage\":{\"@id\":\"https:\\\/\\\/cashfive.ch\\\/#primaryimage\"},\"image\":{\"@id\":\"https:\\\/\\\/cashfive.ch\\\/#primaryimage\"},\"thumbnailUrl\":\"https:\\\/\\\/cashfive.ch\\\/wp-content\\\/uploads\\\/2026\\\/02\\\/image-2-2.svg\",\"datePublished\":\"2025-10-27T13:44:52+00:00\",\"dateModified\":\"2026-03-09T12:35:38+00:00\",\"description\":\"Achetez, vendez et r\u00e9parez \u00e0 Gen\u00e8ve au meilleur prix. Smartphones, ordinateurs, montres & or, jeux vid\u00e9os, maroquinerie. Test\u00e9s et pay\u00e9s.\",\"breadcrumb\":{\"@id\":\"https:\\\/\\\/cashfive.ch\\\/#breadcrumb\"},\"inLanguage\":\"fr-FR\",\"potentialAction\":[{\"@type\":\"ReadAction\",\"target\":[\"https:\\\/\\\/cashfive.ch\\\/\"]}]},{\"@type\":\"ImageObject\",\"inLanguage\":\"fr-FR\",\"@id\":\"https:\\\/\\\/cashfive.ch\\\/#primaryimage\",\"url\":\"https:\\\/\\\/cashfive.ch\\\/wp-content\\\/uploads\\\/2026\\\/02\\\/image-2-2.svg\",\"contentUrl\":\"https:\\\/\\\/cashfive.ch\\\/wp-content\\\/uploads\\\/2026\\\/02\\\/image-2-2.svg\",\"width\":322,\"height\":127},{\"@type\":\"BreadcrumbList\",\"@id\":\"https:\\\/\\\/cashfive.ch\\\/#breadcrumb\",\"itemListElement\":[{\"@type\":\"ListItem\",\"position\":1,\"name\":\"Home\",\"item\":\"https:\\\/\\\/cashfive.ch\\\/\"},{\"@type\":\"ListItem\",\"position\":2,\"name\":\"Home\"}]},{\"@type\":\"WebSite\",\"@id\":\"https:\\\/\\\/cashfive.ch\\\/#website\",\"url\":\"https:\\\/\\\/cashfive.ch\\\/\",\"name\":\"CashFive\",\"description\":\"\",\"publisher\":{\"@id\":\"https:\\\/\\\/cashfive.ch\\\/en\\\/#organization\"},\"potentialAction\":[{\"@type\":\"SearchAction\",\"target\":{\"@type\":\"EntryPoint\",\"urlTemplate\":\"https:\\\/\\\/cashfive.ch\\\/?s={search_term_string}\"},\"query-input\":{\"@type\":\"PropertyValueSpecification\",\"valueRequired\":true,\"valueName\":\"search_term_string\"}}],\"inLanguage\":\"fr-FR\"},{\"@type\":\"Organization\",\"@id\":\"https:\\\/\\\/cashfive.ch\\\/#organization\",\"name\":\"CashFive\",\"url\":\"https:\\\/\\\/cashfive.ch\\\/\",\"logo\":{\"@type\":\"ImageObject\",\"inLanguage\":\"fr-FR\",\"@id\":\"https:\\\/\\\/cashfive.ch\\\/en\\\/#\\\/schema\\\/logo\\\/image\\\/\",\"url\":\"https:\\\/\\\/cashfive.ch\\\/wp-content\\\/uploads\\\/2025\\\/11\\\/cropped-b387cbc7100387a3592e966c2446eb597f7d93de.png\",\"contentUrl\":\"https:\\\/\\\/cashfive.ch\\\/wp-content\\\/uploads\\\/2025\\\/11\\\/cropped-b387cbc7100387a3592e966c2446eb597f7d93de.png\",\"width\":99,\"height\":79,\"caption\":\"CashFive\"},\"image\":{\"@id\":\"https:\\\/\\\/cashfive.ch\\\/en\\\/#\\\/schema\\\/logo\\\/image\\\/\"},\"sameAs\":[\"https:\\\/\\\/www.facebook.com\\\/profile.php?id=100072507924519\",\"https:\\\/\\\/www.instagram.com\\\/cash5ive\\\/\"]}]}<\/script>\n<!-- \/ Yoast SEO plugin. -->","yoast_head_json":{"title":"Home - Cashfive","description":"Achetez, vendez et r\u00e9parez \u00e0 Gen\u00e8ve au meilleur prix. Smartphones, ordinateurs, montres & or, jeux vid\u00e9os, maroquinerie. Test\u00e9s et pay\u00e9s.","robots":{"index":"index","follow":"follow","max-snippet":"max-snippet:-1","max-image-preview":"max-image-preview:large","max-video-preview":"max-video-preview:-1"},"canonical":"https:\/\/cashfive.ch\/","og_locale":"fr_FR","og_type":"article","og_title":"Home - Cashfive","og_description":"Achetez, vendez et r\u00e9parez \u00e0 Gen\u00e8ve au meilleur prix. Smartphones, ordinateurs, montres & or, jeux vid\u00e9os, maroquinerie. Test\u00e9s et pay\u00e9s.","og_url":"https:\/\/cashfive.ch\/","og_site_name":"Cashfive","article_publisher":"https:\/\/www.facebook.com\/profile.php?id=100072507924519","article_modified_time":"2026-03-09T12:35:38+00:00","og_image":[{"url":"https:\/\/cashfive.ch\/wp-content\/uploads\/2026\/02\/image-2-2.svg","type":"","width":"","height":""}],"twitter_card":"summary_large_image","twitter_misc":{"Dur\u00e9e de lecture estim\u00e9e":"5 minutes"},"schema":{"@context":"https:\/\/schema.org","@graph":[{"@type":"WebPage","@id":"https:\/\/cashfive.ch\/","url":"https:\/\/cashfive.ch\/","name":"Home - Cashfive","isPartOf":{"@id":"https:\/\/cashfive.ch\/en\/#website"},"primaryImageOfPage":{"@id":"https:\/\/cashfive.ch\/#primaryimage"},"image":{"@id":"https:\/\/cashfive.ch\/#primaryimage"},"thumbnailUrl":"https:\/\/cashfive.ch\/wp-content\/uploads\/2026\/02\/image-2-2.svg","datePublished":"2025-10-27T13:44:52+00:00","dateModified":"2026-03-09T12:35:38+00:00","description":"Achetez, vendez et r\u00e9parez \u00e0 Gen\u00e8ve au meilleur prix. Smartphones, ordinateurs, montres & or, jeux vid\u00e9os, maroquinerie. Test\u00e9s et pay\u00e9s.","breadcrumb":{"@id":"https:\/\/cashfive.ch\/#breadcrumb"},"inLanguage":"fr-FR","potentialAction":[{"@type":"ReadAction","target":["https:\/\/cashfive.ch\/"]}]},{"@type":"ImageObject","inLanguage":"fr-FR","@id":"https:\/\/cashfive.ch\/#primaryimage","url":"https:\/\/cashfive.ch\/wp-content\/uploads\/2026\/02\/image-2-2.svg","contentUrl":"https:\/\/cashfive.ch\/wp-content\/uploads\/2026\/02\/image-2-2.svg","width":322,"height":127},{"@type":"BreadcrumbList","@id":"https:\/\/cashfive.ch\/#breadcrumb","itemListElement":[{"@type":"ListItem","position":1,"name":"Home","item":"https:\/\/cashfive.ch\/"},{"@type":"ListItem","position":2,"name":"Home"}]},{"@type":"WebSite","@id":"https:\/\/cashfive.ch\/#website","url":"https:\/\/cashfive.ch\/","name":"CashFive","description":"","publisher":{"@id":"https:\/\/cashfive.ch\/en\/#organization"},"potentialAction":[{"@type":"SearchAction","target":{"@type":"EntryPoint","urlTemplate":"https:\/\/cashfive.ch\/?s={search_term_string}"},"query-input":{"@type":"PropertyValueSpecification","valueRequired":true,"valueName":"search_term_string"}}],"inLanguage":"fr-FR"},{"@type":"Organization","@id":"https:\/\/cashfive.ch\/#organization","name":"CashFive","url":"https:\/\/cashfive.ch\/","logo":{"@type":"ImageObject","inLanguage":"fr-FR","@id":"https:\/\/cashfive.ch\/en\/#\/schema\/logo\/image\/","url":"https:\/\/cashfive.ch\/wp-content\/uploads\/2025\/11\/cropped-b387cbc7100387a3592e966c2446eb597f7d93de.png","contentUrl":"https:\/\/cashfive.ch\/wp-content\/uploads\/2025\/11\/cropped-b387cbc7100387a3592e966c2446eb597f7d93de.png","width":99,"height":79,"caption":"CashFive"},"image":{"@id":"https:\/\/cashfive.ch\/en\/#\/schema\/logo\/image\/"},"sameAs":["https:\/\/www.facebook.com\/profile.php?id=100072507924519","https:\/\/www.instagram.com\/cash5ive\/"]}]}},"_links":{"self":[{"href":"https:\/\/cashfive.ch\/wp-json\/wp\/v2\/pages\/7","targetHints":{"allow":["GET"]}}],"collection":[{"href":"https:\/\/cashfive.ch\/wp-json\/wp\/v2\/pages"}],"about":[{"href":"https:\/\/cashfive.ch\/wp-json\/wp\/v2\/types\/page"}],"author":[{"embeddable":true,"href":"https:\/\/cashfive.ch\/wp-json\/wp\/v2\/users\/2"}],"replies":[{"embeddable":true,"href":"https:\/\/cashfive.ch\/wp-json\/wp\/v2\/comments?post=7"}],"version-history":[{"count":0,"href":"https:\/\/cashfive.ch\/wp-json\/wp\/v2\/pages\/7\/revisions"}],"wp:attachment":[{"href":"https:\/\/cashfive.ch\/wp-json\/wp\/v2\/media?parent=7"}],"curies":[{"name":"wp","href":"https:\/\/api.w.org\/{rel}","templated":true}]}}